{"id":3150,"date":"2023-03-20T10:55:01","date_gmt":"2023-03-20T10:55:01","guid":{"rendered":"http:\/\/mun.digiteria.ro\/obtinerea-avizului-de-mediu\/"},"modified":"2023-04-11T12:55:34","modified_gmt":"2023-04-11T12:55:34","slug":"environmental-permit","status":"publish","type":"page","link":"https:\/\/mundus.ro\/en\/environmental-permit\/","title":{"rendered":"Environmental Permit"},"content":{"rendered":"<section class=\"wpb-content-wrapper\"><p>[vc_row][vc_column][vc_row_inner content_placement=&#8221;middle&#8221;][vc_column_inner width=&#8221;1\/2&#8243;][vc_column_text]<\/p>\n<p style=\"text-align: justify;\">The environmental permit for plans and programs is the technical and legal document issued by the competent authority for environmental protection and confirms the integration of environmental protection aspects in the plan or program subject to adoption. It is issued following the completion of the strategic environmental assessment (SEA) procedure.<\/p>\n<p style=\"text-align: justify;\">We will analyze your proposal and provide support in the development of the neccesary documentation for obtaining the environmental permit: capitalizing both the information you provided and collecting additional information from the field.<\/p>\n<p style=\"text-align: justify;\">We will maintain contact with the environmental authorities and keep you informed throughout the procedure for obtaining the environmental permit.<\/p>\n<p>[\/vc_column_text][\/vc_column_inner][vc_column_inner width=&#8221;1\/2&#8243;][vc_single_image image=&#8221;2989&#8243; img_size=&#8221;full&#8221; alignment=&#8221;center&#8221; style=&#8221;vc_box_rounded&#8221;][\/vc_column_inner][\/vc_row_inner][\/vc_column][\/vc_row][vc_row full_width=&#8221;stretch_row_content_no_spaces&#8221; wrap_container=&#8221;yes&#8221; css=&#8221;.vc_custom_1679319973445{background-color: #00a335 !important;}&#8221; conditional_render=&#8221;%5B%7B%22value_role%22%3A%22administrator%22%7D%5D&#8221; el_class=&#8221;p-t-xxl p-b-xxl overflow-hidden&#8221;][vc_column][vc_raw_html el_class=&#8221;position-absolute svg-1 opacity-2 z-index-1 mb-0&#8243;]JTNDc3ZnJTIweG1sbnMlM0QlMjJodHRwJTNBJTJGJTJGd3d3LnczLm9yZyUyRjIwMDAlMkZzdmclMjIlMjB4bWxucyUzQXhsaW5rJTNEJTIyaHR0cCUzQSUyRiUyRnd3dy53My5vcmclMkYxOTk5JTJGeGxpbmslMjIlMjBjbGFzcyUzRCUyMmQtbm9uZSUyMGQtbGctYmxvY2slMjIlMjB4JTNEJTIyMHB4JTIyJTIweSUzRCUyMjBweCUyMiUyMHZpZXdCb3glM0QlMjIwJTIwMCUyMDE2ODYuODglMjAxMDk1Ljg2JTIyJTIwZGF0YS1hcHBlYXItYW5pbWF0aW9uLXN2ZyUzRCUyMjElMjIlM0UlM0NwYXRoJTIwY2xhc3MlM0QlMjJhcHBlYXItYW5pbWF0aW9uJTIwYW5pbWF0ZWQlMjBjdXN0b21MaW5lczFhbmltJTIwYXBwZWFyLWFuaW1hdGlvbi12aXNpYmxlJTIyJTIwZGF0YS1wbHVnaW4tb3B0aW9ucyUzRCUyMiU3QiUyN2FjY1klMjclM0ElMjAtNTAwJTJDJTIwJTI3Zm9yY2VBbmltYXRpb24lMjclM0ElMjB0cnVlJTdEJTIyJTIwZGF0YS1hcHBlYXItYW5pbWF0aW9uJTNEJTIyY3VzdG9tTGluZXMxYW5pbSUyMiUyMGRhdGEtYXBwZWFyLWFuaW1hdGlvbi1kZWxheSUzRCUyMjEwMCUyMiUyMGRhdGEtYXBwZWFyLWFuaW1hdGlvbi1kdXJhdGlvbiUzRCUyMjdzJTIyJTIwZmlsbCUzRCUyMm5vbmUlMjIlMjBzdHJva2UlM0QlMjIlMjNkOGQ4ZDglMjIlMjBzdHJva2Utd2lkdGglM0QlMjIycHglMjIlMjBzdHJva2UtbWl0ZXJsaW1pdCUzRCUyMjEwJTIyJTIwZCUzRCUyMk04Ny45NSUyQzEuNGM2LjgyJTJDOS4xNCUyQzE1LjUzJTJDMjEuNTklMkMyNC42OCUyQzM2Ljk0YzYuODIlMkMxMS40NSUyQzI3LjE4JTJDNDYuODIlMkM0Mi41NSUyQzk2LjUxJTIwJTIwJTIwJTIwJTIwJTIwJTIwJTIwYzIyLjglMkM3My42OCUyQzIxLjM5JTJDMTM2LjAyJTJDMjAuNTElMkMxNTZjLTMuMTElMkM3MC41Ni0yMi4xNiUyQzEyMi41MS0zNiUyQzE1OS4zMmMtMTAuODglMkMyOC45NS0xMS42OCUyQzI0LjM4LTU5Ljc0JTJDMTI1LjYyJTIwJTIwJTIwJTIwJTIwJTIwJTIwJTIwYy00My40NiUyQzkxLjUzLTQ5LjY2JTJDMTA5LjctNTIuODUlMkMxMTkuNDlDNi42JTJDNzU4LjE0JTJDMi45OCUyQzgwNC41OSUyQzIuMTYlMkM4MjkuMTRjLTEuNDklMkM0NC43MiUyQzQuNTQlMkM3MC44MiUyQzYuNDclMkM3OC42NCUyMCUyMCUyMCUyMCUyMCUyMCUyMCUyMGMzLjU0JTJDMTQuMzUlMkMxMC40MiUyQzQxLjI1JTJDMjkuNzklMkM3MC40N2M2LjY0JTJDMTAuMDElMkMzMC44NCUyQzQ0LjYlMkM3Ni43NyUyQzY5LjExYzQyLjklMkMyMi45JTJDODEuNTIlMkMyNC42JTJDMTEwLjQ3JTJDMjUuODclMjAlMjAlMjAlMjAlMjAlMjAlMjAlMjBjNDUuNTclMkMyLjAxJTJDNzkuOTgtNi4xOCUyQzExMy4wMi0xNC4zYzMwLjgzLTcuNTglMkM1OC40LTE4LjM4JTJDMTEzLjUzLTQwYzU5LjU1LTIzLjM1JTJDNjYuNDMtMjguNTglMkMxMTAuNDctNDMuOTElMjAlMjAlMjAlMjAlMjAlMjAlMjAlMjBjMzUuNjMtMTIuNDElMkM1Ny42Ny0xOS45OCUyQzg5LjM2LTI1LjdjMjUuNjgtNC42NCUyQzU1LjMtOS43NyUyQzk0LjMtNi4zYzEyLjQzJTJDMS4xMSUyQzUzLjk3JTJDNS41OSUyQzEwMi4xMyUyQzI3Ljc0JTIwJTIwJTIwJTIwJTIwJTIwJTIwJTIwYzMyLjA1JTJDMTQuNzQlMkM1My4wMyUyQzMwLjg3JTJDNTcuNTMlMkMzNC4zOGMyNC4yNiUyQzE4LjkxJTJDNDEuMDUlMkMzOC42NSUyQzUxLjkxJTJDNTMuNDUlMjIlMjBzdHlsZSUzRCUyMmFuaW1hdGlvbi1kdXJhdGlvbiUzQSUyMDdzJTNCJTIwYW5pbWF0aW9uLWRlbGF5JTNBJTIwMTAwbXMlM0IlMjIlM0UlM0MlMkZwYXRoJTNFJTNDcGF0aCUyMGNsYXNzJTNEJTIyYXBwZWFyLWFuaW1hdGlvbiUyMGFuaW1hdGVkJTIwY3VzdG9tTGluZXMxYW5pbSUyMGFwcGVhci1hbmltYXRpb24tdmlzaWJsZSUyMiUyMGRhdGEtcGx1Z2luLW9wdGlvbnMlM0QlMjIlN0IlMjdhY2NZJTI3JTNBJTIwLTUwMCUyQyUyMCUyN2ZvcmNlQW5pbWF0aW9uJTI3JTNBJTIwdHJ1ZSU3RCUyMiUyMGRhdGEtYXBwZWFyLWFuaW1hdGlvbiUzRCUyMmN1c3RvbUxpbmVzMWFuaW0lMjIlMjBkYXRhLWFwcGVhci1hbmltYXRpb24tZGVsYXklM0QlMjIxMDAlMjIlMjBkYXRhLWFwcGVhci1hbmltYXRpb24tZHVyYXRpb24lM0QlMjI3cyUyMiUyMGZpbGwlM0QlMjJub25lJTIyJTIwc3Ryb2tlJTNEJTIyJTIzZDhkOGQ4JTIyJTIwc3Ryb2tlLXdpZHRoJTNEJTIyMnB4JTIyJTIwc3Ryb2tlLW1pdGVybGltaXQlM0QlMjIxMCUyMiUyMGQlM0QlMjJNMTE5LjQ0JTJDMzQuNDJjOC45OSUyQzEyLjg1JTJDMjAuMzMlMkMzMC40OSUyQzMxLjY2JTJDNTIuNDNjMjYuMjglMkM1MC45JTJDMzYuMzUlMkM5My44NCUyQzM5LjE1JTJDMTA2LjU1JTIwJTIwJTIwJTIwJTIwJTIwJTIwJTIwYzMuMTIlMkMxNC4yJTJDMTAuNzclMkM1Mi41JTJDOS41MyUyQzEwMi44MWMtMC4yOCUyQzExLjE5LTIuMDMlMkM2NS40OC0yMy44MyUyQzEzMy43OWMtOS44MiUyQzMwLjc4LTIxLjA3JTJDNTQuNTYtNDMuNTclMkMxMDIuMTMlMjAlMjAlMjAlMjAlMjAlMjAlMjAlMjBjLTI2Ljc4JTJDNTYuNi0yOS4xNCUyQzUzLjc5LTQ1LjYyJTJDOTAuMjFjLTE5Ljg0JTJDNDMuODUtNDIuNTYlMkM5NC4wNy00OC42OCUyQzE2MS4wMmMtMi44NiUyQzMxLjM0LTUuNjklMkM2Ni4wOCUyQzcuNDklMkMxMDguNiUyMCUyMCUyMCUyMCUyMCUyMCUyMCUyMGM2LjAzJTJDMTkuNDQlMkMyMC45NSUyQzY1LjQ1JTJDNjQlMkMxMDEuMTFjNDcuNDUlMkMzOS4zJTJDMTAxLjA1JTJDNDIuOCUyQzEzMy43OSUyQzQ0Ljk0YzYzLjA0JTJDNC4xMiUyQzExNS41Ny0xMy42JTJDMTY1LjExLTMwLjMlMjAlMjAlMjAlMjAlMjAlMjAlMjAlMjBjNS41OS0xLjg5JTJDMjMuNTktOC44NiUyQzU5LjU3LTIyLjgxYzEwMC4yMy0zOC44NSUyQzk5LjMzLTQwLjI3JTJDMTIyLjIxLTQ3LjMyYzQxLjE4LTEyLjY5JTJDODAuNTEtMjQuOCUyQzEzMy4xMS0yMS43OSUyMCUyMCUyMCUyMCUyMCUyMCUyMCUyMGMxOS44MyUyQzEuMTQlMkM2My4wMSUyQzUuNjUlMkMxMTEuNjYlMkMyOC45NGM4LjE5JTJDMy45MiUyQzUwLjYlMkMyNC42OCUyQzg4LjUxJTJDNjQuMzRjNS42NiUyQzUuOTIlMkMxMC4zOCUyQzExLjM5JTJDMTIuNiUyQzEzLjk2JTIwJTIwJTIwJTIwJTIwJTIwJTIwJTIwYzIzLjc4JTJDMjcuNTklMkMzOS41JTJDNTIuOTQlMkM0OS4zNiUyQzcwLjgxJTIyJTIwc3R5bGUlM0QlMjJhbmltYXRpb24tZHVyYXRpb24lM0ElMjA3cyUzQiUyMGFuaW1hdGlvbi1kZWxheSUzQSUyMDEwMG1zJTNCJTIyJTNFJTNDJTJGcGF0aCUzRSUzQ3BhdGglMjBjbGFzcyUzRCUyMmFwcGVhci1hbmltYXRpb24lMjBhbmltYXRlZCUyMGN1c3RvbUxpbmVzMWFuaW0lMjBhcHBlYXItYW5pbWF0aW9uLXZpc2libGUlMjIlMjBkYXRhLXBsdWdpbi1vcHRpb25zJTNEJTIyJTdCJTI3YWNjWSUyNyUzQSUyMC01MDAlMkMlMjAlMjdmb3JjZUFuaW1hdGlvbiUyNyUzQSUyMHRydWUlN0QlMjIlMjBkYXRhLWFwcGVhci1hbmltYXRpb24lM0QlMjJjdXN0b21MaW5lczFhbmltJTIyJTIwZGF0YS1hcHBlYXItYW5pbWF0aW9uLWRlbGF5JTNEJTIyMTAwJTIyJTIwZGF0YS1hcHBlYXItYW5pbWF0aW9uLWR1cmF0aW9uJTNEJTIyN3MlMjIlMjBmaWxsJTNEJTIybm9uZSUyMiUyMHN0cm9rZSUzRCUyMiUyM2Q4ZDhkOCUyMiUyMHN0cm9rZS13aWR0aCUzRCUyMjJweCUyMiUyMHN0cm9rZS1taXRlcmxpbWl0JTNEJTIyMTAlMjIlMjBkJTNEJTIyTTE0OS40JTJDNjguMTJjNi41NyUyQzguODYlMkMxNC45JTJDMjAuOTUlMkMyMy40OSUyQzM1LjkxYzQuMjklMkM3LjQ4JTJDMTkuNjclMkMzNC44OSUyQzMyLjE3JTJDNzMuNTMlMjAlMjAlMjAlMjAlMjAlMjAlMjAlMjBjNi43MiUyQzIwLjc3JTJDMjEuOTMlMkM2OS4yMiUyQzIwLjYlMkMxMzMuMjhjLTEuMyUyQzYyLjA2LTE3LjQ5JTJDMTA4LjE3LTI4Ljk0JTJDMTM5LjkxYy0xMC44NCUyQzMwLjA4LTI0LjkzJTJDNTguNzUtNTMuMTElMkMxMTYuMDklMjAlMjAlMjAlMjAlMjAlMjAlMjAlMjBjLTIwLjY4JTJDNDIuMDgtMjMuOTQlMkM0NS43Mi0zMy43JTJDNjkuMTFjLTEyLjAxJTJDMjguNzctMjYuMSUyQzYzLjA5LTMzLjAyJTJDMTA4LjZjLTUuMDElMkMzMi45MS0xMC42NCUyQzY5LjkyJTJDMS43JTJDMTE1LjQlMjAlMjAlMjAlMjAlMjAlMjAlMjAlMjBjNS41JTJDMjAuMjclMkMxNy4wOCUyQzYwLjk0JTJDNTMuNDUlMkM5NC42NGM0Mi41NSUyQzM5LjQzJTJDOTMuMDYlMkM0NS4yOCUyQzExOS40OSUyQzQ4LjM0YzU0LjM2JTJDNi4yOSUyQzk4Ljk0LTYuODclMkMxNDYuMDQtMjAuNzclMjAlMjAlMjAlMjAlMjAlMjAlMjAlMjBjMTQuNTYtNC4zJTJDMzEuMjctMTAuNTglMkM2NC42OC0yMy4xNWM5MC42NC0zNC4wOSUyQzk0LjEyLTQwLjU3JTJDMTMzLjQ1LTUxLjc0YzMzLjgxLTkuNjElMkM3MS42OS0yMC4zNyUyQzEyMi4yMS0xNi42OCUyMCUyMCUyMCUyMCUyMCUyMCUyMCUyMGM1OC44MyUyQzQuMyUyQzk5LjgzJTJDMjUuNjQlMkMxMDcuOTElMkMyOS45NmM0MC4wMiUyQzIxLjM5JTJDNjUuNyUyQzQ5LjE2JTJDNzcuOTYlMkM2Mi42NGM4LjM1JTJDOS4xOCUyQzE0Ljg0JTJDMTcuMzklMkMxOS40JTJDMjMuNDklMjIlMjBzdHlsZSUzRCUyMmFuaW1hdGlvbi1kdXJhdGlvbiUzQSUyMDdzJTNCJTIwYW5pbWF0aW9uLWRlbGF5JTNBJTIwMTAwbXMlM0IlMjIlM0UlM0MlMkZwYXRoJTNFJTNDcGF0aCUyMGNsYXNzJTNEJTIyYXBwZWFyLWFuaW1hdGlvbiUyMGFuaW1hdGVkJTIwY3VzdG9tTGluZXMxYW5pbSUyMGFwcGVhci1hbmltYXRpb24tdmlzaWJsZSUyMiUyMGRhdGEtcGx1Z2luLW9wdGlvbnMlM0QlMjIlN0IlMjdhY2NZJTI3JTNBJTIwLTUwMCUyQyUyMCUyN2ZvcmNlQW5pbWF0aW9uJTI3JTNBJTIwdHJ1ZSU3RCUyMiUyMGRhdGEtYXBwZWFyLWFuaW1hdGlvbiUzRCUyMmN1c3RvbUxpbmVzMWFuaW0lMjIlMjBkYXRhLWFwcGVhci1hbmltYXRpb24tZGVsYXklM0QlMjIxMDAlMjIlMjBkYXRhLWFwcGVhci1hbmltYXRpb24tZHVyYXRpb24lM0QlMjI3cyUyMiUyMGZpbGwlM0QlMjJub25lJTIyJTIwc3Ryb2tlJTNEJTIyJTIzZDhkOGQ4JTIyJTIwc3Ryb2tlLXdpZHRoJTNEJTIyMnB4JTIyJTIwc3Ryb2tlLW1pdGVybGltaXQlM0QlMjIxMCUyMiUyMGQlM0QlMjJNMTc5LjY5JTJDMTAxLjE0YzYuNzUlMkM5Ljc0JTJDMTMuNTIlMkMyMC40JTJDMjAuMDklMkMzMmMyMi43OSUyQzQwLjI3JTJDMzMuMSUyQzc0LjIzJTJDMzUuNCUyQzgyLjA0JTIwJTIwJTIwJTIwJTIwJTIwJTIwJTIwYzUuMzMlMkMxOC4wOCUyQzE1LjYlMkM1OC4yMSUyQzE0LjY0JTJDMTEwLjNjLTAuMjQlMkMxMi45Mi0xLjg4JTJDNjUuMDMtMjQuODUlMkMxMjcuMzJjLTMuMSUyQzguNDItNy43NCUyQzE4Ljg5LTE3LjAyJTJDMzkuODMlMjAlMjAlMjAlMjAlMjAlMjAlMjAlMjBjLTI1LjY1JTJDNTcuODgtMzYuNTclMkM3NS4xMS01Mi40MyUyQzExMC4zYy0xOC4xMiUyQzQwLjE5LTMxLjI4JTJDNjkuMzktMzkuODMlMkMxMTAuNjRjLTcuMiUyQzM0LjczLTE1LjQxJTJDNzQuMzMtMi4zOCUyQzEyMi4yMSUyMCUyMCUyMCUyMCUyMCUyMCUyMCUyMGM0LjU1JTJDMTYuNzMlMkMxNC40MyUyQzUxLjM4JTJDNDQuOTQlMkM4Mi4wNGMzNS42NyUyQzM1Ljg1JTJDNzguMTElMkM0NC42OSUyQzEwMC40MyUyQzQ5LjAyYzU4LjUzJTJDMTEuMzclMkMxMDcuMjMtMy40NiUyQzE1Ni4yNi0xOC4zOCUyMCUyMCUyMCUyMCUyMCUyMCUyMCUyMGMyNC40Mi03LjQ0JTJDMTUuOTMtNi43NyUyQzg2LjQ3LTMzLjdjMTAzLjQ2LTM5LjUlMkMxMjkuOTctNDQuMDYlMkMxNDIuOTgtNDUuOTZjMjguNy00LjE4JTJDNjEuNjUtOC42NiUyQzEwMy4xNSUyQzEuMDIlMjAlMjAlMjAlMjAlMjAlMjAlMjAlMjBjNy45NiUyQzEuODYlMkM0Ny43MyUyQzExLjU5JTJDOTAuMjElMkM0Mi41NWMzMC45MSUyQzIyLjUzJTJDNTAuODglMkM0Ny4yOSUyQzYyLjY0JTJDNjQuMzQlMjIlMjBzdHlsZSUzRCUyMmFuaW1hdGlvbi1kdXJhdGlvbiUzQSUyMDdzJTNCJTIwYW5pbWF0aW9uLWRlbGF5JTNBJTIwMTAwbXMlM0IlMjIlM0UlM0MlMkZwYXRoJTNFJTNDcGF0aCUyMGNsYXNzJTNEJTIyYXBwZWFyLWFuaW1hdGlvbiUyMGFuaW1hdGVkJTIwY3VzdG9tTGluZXMxYW5pbSUyMGFwcGVhci1hbmltYXRpb24tdmlzaWJsZSUyMiUyMGRhdGEtcGx1Z2luLW9wdGlvbnMlM0QlMjIlN0IlMjdhY2NZJTI3JTNBJTIwLTUwMCUyQyUyMCUyN2ZvcmNlQW5pbWF0aW9uJTI3JTNBJTIwdHJ1ZSU3RCUyMiUyMGRhdGEtYXBwZWFyLWFuaW1hdGlvbiUzRCUyMmN1c3RvbUxpbmVzMWFuaW0lMjIlMjBkYXRhLWFwcGVhci1hbmltYXRpb24tZGVsYXklM0QlMjIxMDAlMjIlMjBkYXRhLWFwcGVhci1hbmltYXRpb24tZHVyYXRpb24lM0QlMjI3cyUyMiUyMGZpbGwlM0QlMjJub25lJTIyJTIwc3Ryb2tlJTNEJTIyJTIzZDhkOGQ4JTIyJTIwc3Ryb2tlLXdpZHRoJTNEJTIyMnB4JTIyJTIwc3Ryb2tlLW1pdGVybGltaXQlM0QlMjIxMCUyMiUyMGQlM0QlMjJNMjA4Ljg5JTJDMTMzLjU3YzcuNDIlMkM5LjM3JTJDMTUuMDElMkMyMC4xNSUyQzIyLjIxJTJDMzIuNDNjMjEuNzUlMkMzNy4wNCUyQzI5LjM4JTJDNjkuNjYlMkMzMy45NiUyQzg5Ljg3JTIwJTIwJTIwJTIwJTIwJTIwJTIwJTIwYzQuNjklMkMyMC43MyUyQzEzLjkyJTJDNjMuMjYlMkM3LjQlMkMxMTcuOTZjLTQuODQlMkM0MC41OC0xNi4xOCUyQzY5Ljc0LTI4LjA5JTJDMTAwLjM0Yy0xMS45MSUyQzMwLjYxLTE1LjM4JTJDMzEuNzYtNDIuMzglMkM4OS4xMSUyMCUyMCUyMCUyMCUyMCUyMCUyMCUyMGMtMjQuNjYlMkM1Mi4zNy0zNi45OSUyQzc4LjU2LTQ0LjY4JTJDMTA1LjQ1Yy04LjQ5JTJDMjkuNjYtMTguNiUyQzY2LjM3LTEzLjI4JTJDMTEzLjM2YzIuNjUlMkMyMy4zNSUyQzYuMDYlMkM1My40MSUyQzI3LjA2JTJDODQlMjAlMjAlMjAlMjAlMjAlMjAlMjAlMjBjMjguNzUlMkM0MS44NyUyQzcwLjk4JTJDNTYuMzUlMkM4Ni44MSUyQzYxLjUzYzM1Ljc5JTJDMTEuNzElMkM2NS4zNyUyQzguOTklMkM5My4xOSUyQzYuMTNjMTUtMS41NCUyQzQ0LTUuNTQlMkMxMzkuOTEtNDIuMzglMjAlMjAlMjAlMjAlMjAlMjAlMjAlMjBjNzIuMjYtMjcuNzYlMkM4MS40Ni0zNS4zNSUyQzEyMC43Ny00My45MWMyNy4yNi01Ljk0JTJDNTQuNjktMTEuNjglMkM5MS4xNS04LjE3YzU1LjYzJTJDNS4zNiUyQzkzLjgxJTJDMjguNTYlMkMxMDIuMzglMkMzMy45NiUyMCUyMCUyMCUyMCUyMCUyMCUyMCUyMGMzNi4xMiUyQzIyLjczJTJDNTcuNTclMkM1MC45OSUyQzY2LjM4JTJDNjIuODFjMy44NiUyQzUuMTclMkM2Ljg4JTJDOS42MyUyQzguOTQlMkMxMi43NyUyMiUyMHN0eWxlJTNEJTIyYW5pbWF0aW9uLWR1cmF0aW9uJTNBJTIwN3MlM0IlMjBhbmltYXRpb24tZGVsYXklM0ElMjAxMDBtcyUzQiUyMiUzRSUzQyUyRnBhdGglM0UlM0MlMkZzdmclM0U=[\/vc_raw_html][vc_row_inner content_placement=&#8221;middle&#8221;][vc_column_inner offset=&#8221;vc_col-md-9&#8243;]<div class=\"porto-u-heading  wpb_custom_9aa7ed6c767350afe851af1c02b6da03 porto-u-8402\" data-appear-animation=\"fadeInUp\"><div class=\"porto-u-sub-heading\" style=\"color: #ffffff;\">Get the environmental permit with the help of our expertise!<\/div><style>.porto-u-8402.porto-u-heading{text-align:left}<\/style><\/div>[\/vc_column_inner][vc_column_inner offset=&#8221;vc_col-md-3&#8243;][vc_btn title=&#8221;CONTACT US!&#8221; style=&#8221;modern&#8221; i_align=&#8221;right&#8221; i_type=&#8221;porto&#8221; skin=&#8221;light&#8221; btn_fs=&#8221;12.8px&#8221; btn_fw=&#8221;700&#8243; hover_effect=&#8221;hover-icon-pulse-left-right&#8221; add_icon=&#8221;true&#8221; link=&#8221;url:%2Fen%2F%2Fcontact%2F|title:Contact&#8221; btn_px=&#8221;47px&#8221; btn_py=&#8221;15px&#8221; btn_icon_spacing=&#8221;{&#8220;xl&#8220;:&#8220;4&#8220;,&#8220;unit&#8220;:&#8220;&#8220;,&#8220;xs&#8220;:&#8220;&#8220;,&#8220;sm&#8220;:&#8220;&#8220;,&#8220;md&#8220;:&#8220;&#8220;,&#8220;lg&#8220;:&#8220;&#8220;}&#8221; css=&#8221;.vc_custom_1681130385053{margin-bottom: 17px !important;}&#8221; i_icon_porto=&#8221;porto-icon-arrow-forward-right&#8221;][\/vc_column_inner][\/vc_row_inner][\/vc_column][\/vc_row][vc_row disable_element=&#8221;yes&#8221; conditional_render=&#8221;%5B%7B%22value_role%22%3A%22administrator%22%7D%5D&#8221;][vc_column][vc_column_text]<\/p>\n<p style=\"text-align: justify;\">Procedura de reglementare \u015fi competen\u0163ele de emitere a avizului de mediu pentru planuri \u015fi programe sunt date prin HG 1076\/2004 privind stabilirea procedurii de realizare a evalu\u0103rii de mediu pentru planuri \u015fi programe. Rezultatele evalu\u0103rii de mediu trebuie sa se prezinte intr-un raport de mediu.<\/p>\n<p>[\/vc_column_text][vc_custom_heading text=&#8221;Tipuri de planuri \u015fi programe ce se supun evalu\u0103rii SEA:&#8221; font_container=&#8221;tag:h3|text_align:left&#8221; use_theme_fonts=&#8221;yes&#8221;][\/vc_column][\/vc_row][vc_row disable_element=&#8221;yes&#8221; conditional_render=&#8221;%5B%7B%22value_role%22%3A%22administrator%22%7D%5D&#8221;][vc_column width=&#8221;1\/2&#8243;]<style>#porto-info-list120759468369f27e8a737cb i { color: #00a335; }<\/style><ul id=\"porto-info-list120759468369f27e8a737cb\" class=\"porto-info-list \"><li class=\"porto-info-list-item\"><i class=\"porto-info-icon fas fa-arrow-right\"><\/i><div class=\"porto-info-list-item-desc\">Planuri urbanistice zonale (PUZ);<\/div><\/li><li class=\"porto-info-list-item\"><i class=\"porto-info-icon fas fa-arrow-right\"><\/i><div class=\"porto-info-list-item-desc\">Planuri urbanistice generale (PUG);<\/div><\/li><li class=\"porto-info-list-item\"><i class=\"porto-info-icon fas fa-arrow-right\"><\/i><div class=\"porto-info-list-item-desc\">Planuri de amenajarea teritoriului zonal sau jude\u0163ean (PATZ, PATJ);<\/div><\/li><\/ul>[\/vc_column][vc_column width=&#8221;1\/2&#8243;]<style>#porto-info-list135486718269f27e8a73a54 i { color: #00a335; }<\/style><ul id=\"porto-info-list135486718269f27e8a73a54\" class=\"porto-info-list \"><li class=\"porto-info-list-item\"><i class=\"porto-info-icon fas fa-arrow-right\"><\/i><div class=\"porto-info-list-item-desc\">Planuri jude\u021bene sau regionale de gestiune a de\u015feurilor (PJGD, PRGD);<\/div><\/li><li class=\"porto-info-list-item\"><i class=\"porto-info-icon fas fa-arrow-right\"><\/i><div class=\"porto-info-list-item-desc\">Planuri de management ale ariilor naturale protejate;<\/div><\/li><li class=\"porto-info-list-item\"><i class=\"porto-info-icon fas fa-arrow-right\"><\/i><div class=\"porto-info-list-item-desc\">Strategii privind gestiunea unor resurse naturale etc.<\/div><\/li><\/ul>[\/vc_column][\/vc_row][vc_row disable_element=&#8221;yes&#8221; css=&#8221;.vc_custom_1681130408173{padding-top: 20px !important;padding-bottom: 20px !important;}&#8221; conditional_render=&#8221;%5B%7B%22value_role%22%3A%22administrator%22%7D%5D&#8221;][vc_column][vc_separator show_icon=&#8221;yes&#8221; icon=&#8221;fas fa-leaf&#8221; icon_color=&#8221;#6ea736&#8243;][\/vc_column][\/vc_row][vc_row disable_element=&#8221;yes&#8221; conditional_render=&#8221;%5B%7B%22value_role%22%3A%22administrator%22%7D%5D&#8221;][vc_column width=&#8221;1\/2&#8243;][vc_custom_heading text=&#8221;Serviciile de obtinere a avizului de mediu&#8221; use_theme_fonts=&#8221;yes&#8221;][vc_column_text]<\/p>\n<p style=\"text-align: justify;\">Vom analiza propunerea ta si vom asigura sprijin pentru elaborarea documenta\u021biei necesare pentru ob\u021binerea avizului de mediu: valorificarea informa\u021biilor puse la dispozi\u021bie de tine \u0219i colectarea de informa\u021bii suplimentare din teren. Vom men\u021bine leg\u0103tura cu autorit\u0103\u021bile de mediu \u0219i te vom \u021bine la curent pe \u00eentreaga durat\u0103 a procedurii de evaluare de mediu.<\/p>\n<p style=\"text-align: justify;\">Actele necesare la depunerea solicit\u0103rii: cerere, notificarea, proiectul de plan, memoriu, raportul de mediu, anun\u021buri publice.<\/p>\n<p>[\/vc_column_text][\/vc_column][vc_column width=&#8221;1\/2&#8243;][vc_single_image image=&#8221;2853&#8243; img_size=&#8221;full&#8221; alignment=&#8221;center&#8221; style=&#8221;vc_box_rounded&#8221;][\/vc_column][\/vc_row]<\/p>\n<\/section>","protected":false},"excerpt":{"rendered":"<p>[vc_row][vc_column][vc_row_inner content_placement=&#8221;middle&#8221;][vc_column_inner width=&#8221;1\/2&#8243;][vc_column_text] The environmental permit for plans and programs is the technical and legal document issued by the competent authority for environmental protection and confirms the integration of environmental protection aspects in the plan or program subject to adoption. It is issued following the completion of the strategic environmental assessment (SEA) procedure. We will [&hellip;]<\/p>\n","protected":false},"author":1,"featured_media":0,"parent":0,"menu_order":0,"comment_status":"closed","ping_status":"closed","template":"","meta":{"footnotes":""},"class_list":["post-3150","page","type-page","status-publish","hentry"],"yoast_head":"<!-- This site is optimized with the Yoast SEO plugin v20.5 - https:\/\/yoast.com\/wordpress\/plugins\/seo\/ -->\n<title>Obtaining the Environmental Permit - Consultancy Services<\/title>\n<meta name=\"description\" content=\"We will provide support for the development of the necessary documentation to obtain the environmental permit.\" \/>\n<meta name=\"robots\" content=\"index, follow, max-snippet:-1, max-image-preview:large, max-video-preview:-1\" \/>\n<link rel=\"canonical\" href=\"https:\/\/mundus.ro\/en\/environmental-permit\/\" \/>\n<meta property=\"og:locale\" content=\"en_US\" \/>\n<meta property=\"og:type\" content=\"article\" \/>\n<meta property=\"og:title\" content=\"Obtaining the Environmental Permit - Consultancy Services\" \/>\n<meta property=\"og:description\" content=\"We will provide support for the development of the necessary documentation to obtain the environmental permit.\" \/>\n<meta property=\"og:url\" content=\"https:\/\/mundus.ro\/en\/environmental-permit\/\" \/>\n<meta property=\"og:site_name\" content=\"Mundus - Consultanta Protectia Mediului\" \/>\n<meta property=\"article:modified_time\" content=\"2023-04-11T12:55:34+00:00\" \/>\n<meta property=\"og:image\" content=\"https:\/\/mundus.ro\/wp-content\/uploads\/2023\/03\/mundus-avize-autorizatii-mediu.jpg\" \/>\n\t<meta property=\"og:image:width\" content=\"1950\" \/>\n\t<meta property=\"og:image:height\" content=\"750\" \/>\n\t<meta property=\"og:image:type\" content=\"image\/jpeg\" \/>\n<script type=\"application\/ld+json\" class=\"yoast-schema-graph\">{\"@context\":\"https:\/\/schema.org\",\"@graph\":[{\"@type\":\"WebPage\",\"@id\":\"https:\/\/mundus.ro\/en\/environmental-permit\/\",\"url\":\"https:\/\/mundus.ro\/en\/environmental-permit\/\",\"name\":\"Obtaining the Environmental Permit - Consultancy Services\",\"isPartOf\":{\"@id\":\"https:\/\/mundus.ro\/#website\"},\"datePublished\":\"2023-03-20T10:55:01+00:00\",\"dateModified\":\"2023-04-11T12:55:34+00:00\",\"description\":\"We will provide support for the development of the necessary documentation to obtain the environmental permit.\",\"breadcrumb\":{\"@id\":\"https:\/\/mundus.ro\/en\/environmental-permit\/#breadcrumb\"},\"inLanguage\":\"en-US\",\"potentialAction\":[{\"@type\":\"ReadAction\",\"target\":[\"https:\/\/mundus.ro\/en\/environmental-permit\/\"]}]},{\"@type\":\"BreadcrumbList\",\"@id\":\"https:\/\/mundus.ro\/en\/environmental-permit\/#breadcrumb\",\"itemListElement\":[{\"@type\":\"ListItem\",\"position\":1,\"name\":\"Prima pagin\u0103\",\"item\":\"https:\/\/mundus.ro\/en\/home\/\"},{\"@type\":\"ListItem\",\"position\":2,\"name\":\"Environmental Permit\"}]},{\"@type\":\"WebSite\",\"@id\":\"https:\/\/mundus.ro\/#website\",\"url\":\"https:\/\/mundus.ro\/\",\"name\":\"Mundus - Consultanta Protectia Mediului\",\"description\":\"\",\"publisher\":{\"@id\":\"https:\/\/mundus.ro\/#organization\"},\"potentialAction\":[{\"@type\":\"SearchAction\",\"target\":{\"@type\":\"EntryPoint\",\"urlTemplate\":\"https:\/\/mundus.ro\/?s={search_term_string}\"},\"query-input\":\"required name=search_term_string\"}],\"inLanguage\":\"en-US\"},{\"@type\":\"Organization\",\"@id\":\"https:\/\/mundus.ro\/#organization\",\"name\":\"Mundus - Consultanta Protectia Mediului\",\"url\":\"https:\/\/mundus.ro\/\",\"logo\":{\"@type\":\"ImageObject\",\"inLanguage\":\"en-US\",\"@id\":\"https:\/\/mundus.ro\/#\/schema\/logo\/image\/\",\"url\":\"https:\/\/mundus.ro\/wp-content\/uploads\/2023\/03\/logo-mundus-viridis.png\",\"contentUrl\":\"https:\/\/mundus.ro\/wp-content\/uploads\/2023\/03\/logo-mundus-viridis.png\",\"width\":200,\"height\":132,\"caption\":\"Mundus - Consultanta Protectia Mediului\"},\"image\":{\"@id\":\"https:\/\/mundus.ro\/#\/schema\/logo\/image\/\"}}]}<\/script>\n<!-- \/ Yoast SEO plugin. -->","yoast_head_json":{"title":"Obtaining the Environmental Permit - Consultancy Services","description":"We will provide support for the development of the necessary documentation to obtain the environmental permit.","robots":{"index":"index","follow":"follow","max-snippet":"max-snippet:-1","max-image-preview":"max-image-preview:large","max-video-preview":"max-video-preview:-1"},"canonical":"https:\/\/mundus.ro\/en\/environmental-permit\/","og_locale":"en_US","og_type":"article","og_title":"Obtaining the Environmental Permit - Consultancy Services","og_description":"We will provide support for the development of the necessary documentation to obtain the environmental permit.","og_url":"https:\/\/mundus.ro\/en\/environmental-permit\/","og_site_name":"Mundus - Consultanta Protectia Mediului","article_modified_time":"2023-04-11T12:55:34+00:00","og_image":[{"width":1950,"height":750,"url":"https:\/\/mundus.ro\/wp-content\/uploads\/2023\/03\/mundus-avize-autorizatii-mediu.jpg","type":"image\/jpeg"}],"schema":{"@context":"https:\/\/schema.org","@graph":[{"@type":"WebPage","@id":"https:\/\/mundus.ro\/en\/environmental-permit\/","url":"https:\/\/mundus.ro\/en\/environmental-permit\/","name":"Obtaining the Environmental Permit - Consultancy Services","isPartOf":{"@id":"https:\/\/mundus.ro\/#website"},"datePublished":"2023-03-20T10:55:01+00:00","dateModified":"2023-04-11T12:55:34+00:00","description":"We will provide support for the development of the necessary documentation to obtain the environmental permit.","breadcrumb":{"@id":"https:\/\/mundus.ro\/en\/environmental-permit\/#breadcrumb"},"inLanguage":"en-US","potentialAction":[{"@type":"ReadAction","target":["https:\/\/mundus.ro\/en\/environmental-permit\/"]}]},{"@type":"BreadcrumbList","@id":"https:\/\/mundus.ro\/en\/environmental-permit\/#breadcrumb","itemListElement":[{"@type":"ListItem","position":1,"name":"Prima pagin\u0103","item":"https:\/\/mundus.ro\/en\/home\/"},{"@type":"ListItem","position":2,"name":"Environmental Permit"}]},{"@type":"WebSite","@id":"https:\/\/mundus.ro\/#website","url":"https:\/\/mundus.ro\/","name":"Mundus - Consultanta Protectia Mediului","description":"","publisher":{"@id":"https:\/\/mundus.ro\/#organization"},"potentialAction":[{"@type":"SearchAction","target":{"@type":"EntryPoint","urlTemplate":"https:\/\/mundus.ro\/?s={search_term_string}"},"query-input":"required name=search_term_string"}],"inLanguage":"en-US"},{"@type":"Organization","@id":"https:\/\/mundus.ro\/#organization","name":"Mundus - Consultanta Protectia Mediului","url":"https:\/\/mundus.ro\/","logo":{"@type":"ImageObject","inLanguage":"en-US","@id":"https:\/\/mundus.ro\/#\/schema\/logo\/image\/","url":"https:\/\/mundus.ro\/wp-content\/uploads\/2023\/03\/logo-mundus-viridis.png","contentUrl":"https:\/\/mundus.ro\/wp-content\/uploads\/2023\/03\/logo-mundus-viridis.png","width":200,"height":132,"caption":"Mundus - Consultanta Protectia Mediului"},"image":{"@id":"https:\/\/mundus.ro\/#\/schema\/logo\/image\/"}}]}},"_links":{"self":[{"href":"https:\/\/mundus.ro\/en\/wp-json\/wp\/v2\/pages\/3150","targetHints":{"allow":["GET"]}}],"collection":[{"href":"https:\/\/mundus.ro\/en\/wp-json\/wp\/v2\/pages"}],"about":[{"href":"https:\/\/mundus.ro\/en\/wp-json\/wp\/v2\/types\/page"}],"author":[{"embeddable":true,"href":"https:\/\/mundus.ro\/en\/wp-json\/wp\/v2\/users\/1"}],"replies":[{"embeddable":true,"href":"https:\/\/mundus.ro\/en\/wp-json\/wp\/v2\/comments?post=3150"}],"version-history":[{"count":4,"href":"https:\/\/mundus.ro\/en\/wp-json\/wp\/v2\/pages\/3150\/revisions"}],"predecessor-version":[{"id":3154,"href":"https:\/\/mundus.ro\/en\/wp-json\/wp\/v2\/pages\/3150\/revisions\/3154"}],"wp:attachment":[{"href":"https:\/\/mundus.ro\/en\/wp-json\/wp\/v2\/media?parent=3150"}],"curies":[{"name":"wp","href":"https:\/\/api.w.org\/{rel}","templated":true}]}}